{"id":680,"date":"2026-01-27T14:28:40","date_gmt":"2026-01-27T17:28:40","guid":{"rendered":"https:\/\/bodegalarural.com.ar\/inicio\/"},"modified":"2026-03-02T14:13:33","modified_gmt":"2026-03-02T17:13:33","slug":"inicio","status":"publish","type":"page","link":"https:\/\/bodegalarural.com.ar\/pt-br\/","title":{"rendered":"In\u00edcio"},"content":{"rendered":"\n<div class=\"wp-block-cover uag-hide-mob\" style=\"min-height:549px;aspect-ratio:unset;\"><img loading=\"lazy\" decoding=\"async\" width=\"1024\" height=\"506\" class=\"wp-block-cover__image-background wp-image-351 size-large\" alt=\"\" src=\"https:\/\/bodegalarural.com.ar\/wp-content\/uploads\/2026\/02\/home-blr2-1-1024x506.jpg\" data-object-fit=\"cover\" srcset=\"https:\/\/bodegalarural.com.ar\/wp-content\/uploads\/2026\/02\/home-blr2-1-1024x506.jpg 1024w, https:\/\/bodegalarural.com.ar\/wp-content\/uploads\/2026\/02\/home-blr2-1-300x148.jpg 300w, https:\/\/bodegalarural.com.ar\/wp-content\/uploads\/2026\/02\/home-blr2-1-768x379.jpg 768w, https:\/\/bodegalarural.com.ar\/wp-content\/uploads\/2026\/02\/home-blr2-1.jpg 1440w\" sizes=\"auto, (max-width: 1024px) 100vw, 1024px\" \/><span aria-hidden=\"true\" class=\"wp-block-cover__background has-black-background-color has-background-dim\"><\/span><div class=\"wp-block-cover__inner-container is-layout-constrained wp-block-cover-is-layout-constrained\">\n<p class=\"has-text-align-center has-large-font-size\"><\/p>\n<\/div><\/div>\n\n\n\n<div class=\"wp-block-cover alignfull uag-hide-desktop uag-hide-tab\" style=\"min-height:549px;aspect-ratio:unset;\"><img loading=\"lazy\" decoding=\"async\" width=\"720\" height=\"487\" class=\"wp-block-cover__image-background wp-image-353 size-full\" alt=\"\" src=\"https:\/\/bodegalarural.com.ar\/wp-content\/uploads\/2026\/02\/home-mobie-blr.jpg\" data-object-fit=\"cover\" srcset=\"https:\/\/bodegalarural.com.ar\/wp-content\/uploads\/2026\/02\/home-mobie-blr.jpg 720w, https:\/\/bodegalarural.com.ar\/wp-content\/uploads\/2026\/02\/home-mobie-blr-300x203.jpg 300w\" sizes=\"auto, (max-width: 720px) 100vw, 720px\" \/><span aria-hidden=\"true\" class=\"wp-block-cover__background has-black-background-color has-background-dim\"><\/span><div class=\"wp-block-cover__inner-container is-layout-constrained wp-block-cover-is-layout-constrained\">\n<p class=\"has-text-align-center has-large-font-size\"><\/p>\n<\/div><\/div>\n\n\n\n<div class=\"wp-block-columns max-w display-d is-layout-flex wp-container-core-columns-is-layout-28f84493 wp-block-columns-is-layout-flex\" id=\"historia-del-vino\">\n<div class=\"wp-block-column is-layout-flow wp-block-column-is-layout-flow\">\n<figure class=\"wp-block-image aligncenter size-full is-resized\"><img loading=\"lazy\" decoding=\"async\" width=\"855\" height=\"689\" src=\"https:\/\/bodegalarural.com.ar\/wp-content\/uploads\/2026\/01\/la-rural-historia-del-vino.png\" alt=\"\" class=\"wp-image-44\" style=\"aspect-ratio:1.240950097065205;width:496px;height:auto\" srcset=\"https:\/\/bodegalarural.com.ar\/wp-content\/uploads\/2026\/01\/la-rural-historia-del-vino.png 855w, https:\/\/bodegalarural.com.ar\/wp-content\/uploads\/2026\/01\/la-rural-historia-del-vino-300x242.png 300w, https:\/\/bodegalarural.com.ar\/wp-content\/uploads\/2026\/01\/la-rural-historia-del-vino-768x619.png 768w\" sizes=\"auto, (max-width: 855px) 100vw, 855px\" \/><\/figure>\n<\/div>\n\n\n\n<div class=\"wp-block-column is-layout-flow wp-block-column-is-layout-flow\">\n<h2 class=\"wp-block-heading\"><strong>140 anos<\/strong> transformando<br>a hist\u00f3ria do vinho<\/h2>\n\n\n\n<p>Desde 1885, a Bodega La Rural \u00e9 testemunha e protagonista do nascimento da vitivinicultura argentina. Fundada por Felipe Rutini em Mendoza, a sua hist\u00f3ria combina vis\u00e3o imigrante, esp\u00edrito pioneiro e uma evolu\u00e7\u00e3o constante que une tradi\u00e7\u00e3o, territ\u00f3rio e tecnologia. Um percurso pela origem de uma vin\u00edcola que ajudou a construir o prest\u00edgio do vinho argentino no mundo.<\/p>\n\n\n\n<div class=\"wp-block-buttons is-layout-flex wp-block-buttons-is-layout-flex\">\n<div class=\"wp-block-button\"><a class=\"wp-block-button__link wp-element-button\" href=\"https:\/\/bodegalarural.com.ar\/pt-br\/historia\/\">Conhe\u00e7a a nossa hist\u00f3ria<\/a><\/div>\n<\/div>\n\n\n\n<p><br><\/p>\n<\/div>\n<\/div>\n\n\n\n<div class=\"wp-block-columns max-w display-mobile is-layout-flex wp-container-core-columns-is-layout-28f84493 wp-block-columns-is-layout-flex\" id=\"historia-del-vino\">\n<div class=\"wp-block-column is-layout-flow wp-block-column-is-layout-flow\" style=\"padding-top:var(--wp--preset--spacing--50)\">\n<h2 class=\"wp-block-heading\"><strong>140 anos<\/strong> transformando<br>a hist\u00f3ria do vinho<\/h2>\n\n\n\n<figure class=\"wp-block-image aligncenter size-full\"><img loading=\"lazy\" decoding=\"async\" width=\"855\" height=\"689\" src=\"https:\/\/bodegalarural.com.ar\/wp-content\/uploads\/2026\/01\/la-rural-historia-del-vino.png\" alt=\"\" class=\"wp-image-44\" srcset=\"https:\/\/bodegalarural.com.ar\/wp-content\/uploads\/2026\/01\/la-rural-historia-del-vino.png 855w, https:\/\/bodegalarural.com.ar\/wp-content\/uploads\/2026\/01\/la-rural-historia-del-vino-300x242.png 300w, https:\/\/bodegalarural.com.ar\/wp-content\/uploads\/2026\/01\/la-rural-historia-del-vino-768x619.png 768w\" sizes=\"auto, (max-width: 855px) 100vw, 855px\" \/><\/figure>\n\n\n\n<p>Desde 1885, a Bodega La Rural \u00e9 testemunha e protagonista do nascimento da vitivinicultura argentina. Fundada por Felipe Rutini em Mendoza, a sua hist\u00f3ria combina vis\u00e3o imigrante, esp\u00edrito pioneiro e uma evolu\u00e7\u00e3o constante que une tradi\u00e7\u00e3o, territ\u00f3rio e tecnologia. Um percurso pela origem de uma vin\u00edcola que ajudou a construir o prest\u00edgio do vinho argentino no mundo.<\/p>\n\n\n\n<div class=\"wp-block-buttons is-layout-flex wp-block-buttons-is-layout-flex\">\n<div class=\"wp-block-button\"><a class=\"wp-block-button__link wp-element-button\" href=\"https:\/\/bodegalarural.com.ar\/pt-br\/historia\/\">Conhe\u00e7a a nossa hist\u00f3ria<\/a><\/div>\n<\/div>\n<\/div>\n<\/div>\n\n\n\n<div class=\"wp-block-columns is-layout-flex wp-container-core-columns-is-layout-28f84493 wp-block-columns-is-layout-flex\" id=\"nuestros-vinos\">\n<div class=\"wp-block-column max-w is-layout-flow wp-block-column-is-layout-flow\">\n<h3 class=\"wp-block-heading has-text-align-center\">os nossos vinhos contam o que fomos. <strong>e o que continuamos a ser.<\/strong><\/h3>\n\n\n\n\t\t\t<div class=\"wp-block-uagb-post-carousel uagb-post-grid  uagb-post__image-position-top uagb-post__image-enabled uagb-block-f83f3556     uagb-post__arrow-outside uagb-slick-carousel uagb-post__items uagb-post__columns-3 is-carousel uagb-post__columns-tablet-2 uagb-post__columns-mobile-1\" data-total=\"1\" style=\"\">\n\n\t\t\t\t\t\t\t\t\t\t\t\t<article class=\"uagb-post__inner-wrap\">\t\t\t\t\t\t\t\t<div class='uagb-post__image'>\n\t\t\t\t\t\t\t\t\t<a href=\"https:\/\/bodegalarural.com.ar\/pt-br\/bodega-historica\/\" target=\"_self\" rel=\"bookmark noopener noreferrer\"><img loading=\"lazy\" decoding=\"async\" width=\"500\" height=\"435\" src=\"https:\/\/bodegalarural.com.ar\/wp-content\/uploads\/2026\/01\/bodega-historica-la-rural.jpg\" class=\"attachment-full size-full\" alt=\"\" srcset=\"https:\/\/bodegalarural.com.ar\/wp-content\/uploads\/2026\/01\/bodega-historica-la-rural.jpg 500w, https:\/\/bodegalarural.com.ar\/wp-content\/uploads\/2026\/01\/bodega-historica-la-rural-300x261.jpg 300w\" sizes=\"auto, (max-width: 500px) 100vw, 500px\" \/>\t\t\t\t\t<\/a>\n\t\t\t\t\t\t\t\t\t<\/div>\n\t\t\t\t\t\t<h4 class=\"uagb-post__title uagb-post__text\">\n\t\t\t\t<a href=\"https:\/\/bodegalarural.com.ar\/pt-br\/bodega-historica\/\" target=\"_self\" rel=\"bookmark noopener noreferrer\">Bodega Hist\u00f3rica<\/a>\n\t\t\t<\/h4>\n\t\t\t\t\t\t<div class='uagb-post__text uagb-post-grid-byline'>\n\t\t\t\t\t\t\t<\/div>\n\t\t\t\n\t\t\t\t\t\t\t\t\t<\/article>\n\t\t\t\t\t\t\t\t\t\t\t\t\t\t\t\t<article class=\"uagb-post__inner-wrap\">\t\t\t\t\t\t\t\t<div class='uagb-post__image'>\n\t\t\t\t\t\t\t\t\t<a href=\"https:\/\/bodegalarural.com.ar\/pt-br\/san-felipe-roble\/\" target=\"_self\" rel=\"bookmark noopener noreferrer\"><img loading=\"lazy\" decoding=\"async\" width=\"501\" height=\"435\" src=\"https:\/\/bodegalarural.com.ar\/wp-content\/uploads\/2026\/02\/San-Felipe-Roble.jpg\" class=\"attachment-full size-full\" alt=\"\" srcset=\"https:\/\/bodegalarural.com.ar\/wp-content\/uploads\/2026\/02\/San-Felipe-Roble.jpg 501w, https:\/\/bodegalarural.com.ar\/wp-content\/uploads\/2026\/02\/San-Felipe-Roble-300x260.jpg 300w\" sizes=\"auto, (max-width: 501px) 100vw, 501px\" \/>\t\t\t\t\t<\/a>\n\t\t\t\t\t\t\t\t\t<\/div>\n\t\t\t\t\t\t<h4 class=\"uagb-post__title uagb-post__text\">\n\t\t\t\t<a href=\"https:\/\/bodegalarural.com.ar\/pt-br\/san-felipe-roble\/\" target=\"_self\" rel=\"bookmark noopener noreferrer\">San Felipe Roble<\/a>\n\t\t\t<\/h4>\n\t\t\t\t\t\t<div class='uagb-post__text uagb-post-grid-byline'>\n\t\t\t\t\t\t\t<\/div>\n\t\t\t\n\t\t\t\t\t\t\t\t\t<\/article>\n\t\t\t\t\t\t\t\t\t\t\t\t\t\t\t\t<article class=\"uagb-post__inner-wrap\">\t\t\t\t\t\t\t\t<div class='uagb-post__image'>\n\t\t\t\t\t\t\t\t\t<a href=\"https:\/\/bodegalarural.com.ar\/pt-br\/cepa-tradicional\/\" target=\"_self\" rel=\"bookmark noopener noreferrer\"><img loading=\"lazy\" decoding=\"async\" width=\"501\" height=\"435\" src=\"https:\/\/bodegalarural.com.ar\/wp-content\/uploads\/2026\/01\/Cepa-Tradicional-la-rural.jpg\" class=\"attachment-full size-full\" alt=\"\" srcset=\"https:\/\/bodegalarural.com.ar\/wp-content\/uploads\/2026\/01\/Cepa-Tradicional-la-rural.jpg 501w, https:\/\/bodegalarural.com.ar\/wp-content\/uploads\/2026\/01\/Cepa-Tradicional-la-rural-300x260.jpg 300w\" sizes=\"auto, (max-width: 501px) 100vw, 501px\" \/>\t\t\t\t\t<\/a>\n\t\t\t\t\t\t\t\t\t<\/div>\n\t\t\t\t\t\t<h4 class=\"uagb-post__title uagb-post__text\">\n\t\t\t\t<a href=\"https:\/\/bodegalarural.com.ar\/pt-br\/cepa-tradicional\/\" target=\"_self\" rel=\"bookmark noopener noreferrer\">Cepa Tradicional<\/a>\n\t\t\t<\/h4>\n\t\t\t\t\t\t<div class='uagb-post__text uagb-post-grid-byline'>\n\t\t\t\t\t\t\t<\/div>\n\t\t\t\n\t\t\t\t\t\t\t\t\t<\/article>\n\t\t\t\t\t\t\t\t\t\t\t\t\t\t\t\t<article class=\"uagb-post__inner-wrap\">\t\t\t\t\t\t\t\t<div class='uagb-post__image'>\n\t\t\t\t\t\t\t\t\t<a href=\"https:\/\/bodegalarural.com.ar\/pt-br\/san-felipe\/\" target=\"_self\" rel=\"bookmark noopener noreferrer\"><img loading=\"lazy\" decoding=\"async\" width=\"335\" height=\"288\" src=\"https:\/\/bodegalarural.com.ar\/wp-content\/uploads\/2026\/01\/san-felipe.jpg\" class=\"attachment-full size-full\" alt=\"\" srcset=\"https:\/\/bodegalarural.com.ar\/wp-content\/uploads\/2026\/01\/san-felipe.jpg 335w, https:\/\/bodegalarural.com.ar\/wp-content\/uploads\/2026\/01\/san-felipe-300x258.jpg 300w\" sizes=\"auto, (max-width: 335px) 100vw, 335px\" \/>\t\t\t\t\t<\/a>\n\t\t\t\t\t\t\t\t\t<\/div>\n\t\t\t\t\t\t<h4 class=\"uagb-post__title uagb-post__text\">\n\t\t\t\t<a href=\"https:\/\/bodegalarural.com.ar\/pt-br\/san-felipe\/\" target=\"_self\" rel=\"bookmark noopener noreferrer\">San Felipe<\/a>\n\t\t\t<\/h4>\n\t\t\t\t\t\t<div class='uagb-post__text uagb-post-grid-byline'>\n\t\t\t\t\t\t\t<\/div>\n\t\t\t\n\t\t\t\t\t\t\t\t\t<\/article>\n\t\t\t\t\t\t\t\t\t\t\t\t\t\t\t\t<article class=\"uagb-post__inner-wrap\">\t\t\t\t\t\t\t\t<div class='uagb-post__image'>\n\t\t\t\t\t\t\t\t\t<a href=\"https:\/\/bodegalarural.com.ar\/pt-br\/cruz-alta\/\" target=\"_self\" rel=\"bookmark noopener noreferrer\"><img loading=\"lazy\" decoding=\"async\" width=\"335\" height=\"290\" src=\"https:\/\/bodegalarural.com.ar\/wp-content\/uploads\/2026\/01\/Cruz-Alta-Premier-Malbec.png\" class=\"attachment-full size-full\" alt=\"\" srcset=\"https:\/\/bodegalarural.com.ar\/wp-content\/uploads\/2026\/01\/Cruz-Alta-Premier-Malbec.png 335w, https:\/\/bodegalarural.com.ar\/wp-content\/uploads\/2026\/01\/Cruz-Alta-Premier-Malbec-300x260.png 300w\" sizes=\"auto, (max-width: 335px) 100vw, 335px\" \/>\t\t\t\t\t<\/a>\n\t\t\t\t\t\t\t\t\t<\/div>\n\t\t\t\t\t\t<h4 class=\"uagb-post__title uagb-post__text\">\n\t\t\t\t<a href=\"https:\/\/bodegalarural.com.ar\/pt-br\/cruz-alta\/\" target=\"_self\" rel=\"bookmark noopener noreferrer\">Cruz Alta<\/a>\n\t\t\t<\/h4>\n\t\t\t\t\t\t<div class='uagb-post__text uagb-post-grid-byline'>\n\t\t\t\t\t\t\t<\/div>\n\t\t\t\n\t\t\t\t\t\t\t\t\t<\/article>\n\t\t\t\t\t\t\t\t\t\t\t\t\t\t\t\t<article class=\"uagb-post__inner-wrap\">\t\t\t\t\t\t\t\t<div class='uagb-post__image'>\n\t\t\t\t\t\t\t\t\t<a href=\"https:\/\/bodegalarural.com.ar\/pt-br\/san-felipe-varietais\/\" target=\"_self\" rel=\"bookmark noopener noreferrer\"><img loading=\"lazy\" decoding=\"async\" width=\"501\" height=\"433\" src=\"https:\/\/bodegalarural.com.ar\/wp-content\/uploads\/2026\/01\/san-felipe-varietal-la-rural.jpg\" class=\"attachment-full size-full\" alt=\"\" srcset=\"https:\/\/bodegalarural.com.ar\/wp-content\/uploads\/2026\/01\/san-felipe-varietal-la-rural.jpg 501w, https:\/\/bodegalarural.com.ar\/wp-content\/uploads\/2026\/01\/san-felipe-varietal-la-rural-300x259.jpg 300w\" sizes=\"auto, (max-width: 501px) 100vw, 501px\" \/>\t\t\t\t\t<\/a>\n\t\t\t\t\t\t\t\t\t<\/div>\n\t\t\t\t\t\t<h4 class=\"uagb-post__title uagb-post__text\">\n\t\t\t\t<a href=\"https:\/\/bodegalarural.com.ar\/pt-br\/san-felipe-varietais\/\" target=\"_self\" rel=\"bookmark noopener noreferrer\">San Felipe Varietais<\/a>\n\t\t\t<\/h4>\n\t\t\t\t\t\t<div class='uagb-post__text uagb-post-grid-byline'>\n\t\t\t\t\t\t\t<\/div>\n\t\t\t\n\t\t\t\t\t\t\t\t\t<\/article>\n\t\t\t\t\t\t\t\t\t\t\t<\/div>\n\t\t\t<\/div>\n<\/div>\n\n\n\n<div class=\"wp-block-columns max-w bodega-historica display-d is-layout-flex wp-container-core-columns-is-layout-e477a36d wp-block-columns-is-layout-flex\" id=\"historia-del-vino\" style=\"padding-bottom:var(--wp--preset--spacing--60)\">\n<div class=\"wp-block-column is-layout-flow wp-block-column-is-layout-flow\">\n<h2 class=\"wp-block-heading\">TURISMO<\/h2>\n\n\n\n<p>A visita \u00e0 Vin\u00edcola Hist\u00f3rica convida a um percurso autoguiado pela sua galeria patrimonial, um espa\u00e7o \u00fanico que re\u00fane pe\u00e7as fundamentais da ind\u00fastria vitivin\u00edcola desde o s\u00e9culo XVI em diante.<\/p>\n\n\n\n<div class=\"wp-block-buttons is-layout-flex wp-block-buttons-is-layout-flex\">\n<div class=\"wp-block-button\"><a class=\"wp-block-button__link wp-element-button\" href=\"https:\/\/bodegalarural.com.ar\/pt-br\/turismo\/\">Visite-nos<\/a><\/div>\n<\/div>\n\n\n\n<p><br><\/p>\n<\/div>\n\n\n\n<div class=\"wp-block-column is-layout-flow wp-block-column-is-layout-flow\">\n<figure class=\"wp-block-image aligncenter size-full is-resized has-custom-border\" style=\"margin-bottom:var(--wp--preset--spacing--50)\"><img loading=\"lazy\" decoding=\"async\" width=\"600\" height=\"800\" src=\"https:\/\/bodegalarural.com.ar\/wp-content\/uploads\/2026\/02\/museo-la-rural.jpg\" alt=\"\" class=\"wp-image-547\" style=\"border-style:none;border-width:0px;border-top-left-radius:24px;border-top-right-radius:24px;border-bottom-left-radius:24px;border-bottom-right-radius:24px;aspect-ratio:0.7500580181016477;width:286px;height:auto\" srcset=\"https:\/\/bodegalarural.com.ar\/wp-content\/uploads\/2026\/02\/museo-la-rural.jpg 600w, https:\/\/bodegalarural.com.ar\/wp-content\/uploads\/2026\/02\/museo-la-rural-225x300.jpg 225w\" sizes=\"auto, (max-width: 600px) 100vw, 600px\" \/><\/figure>\n<\/div>\n<\/div>\n\n\n\n<div class=\"wp-block-columns max-w bodega-historica display-mobile is-layout-flex wp-container-core-columns-is-layout-28f84493 wp-block-columns-is-layout-flex\" id=\"historia-del-vino\">\n<div class=\"wp-block-column cada-vino is-layout-flow wp-block-column-is-layout-flow\">\n<h2 class=\"wp-block-heading\">TURISMO<\/h2>\n\n\n\n<figure class=\"wp-block-image aligncenter size-full is-resized has-custom-border\"><img loading=\"lazy\" decoding=\"async\" width=\"600\" height=\"800\" src=\"https:\/\/bodegalarural.com.ar\/wp-content\/uploads\/2026\/02\/museo-la-rural.jpg\" alt=\"\" class=\"wp-image-547\" style=\"border-top-left-radius:24px;border-top-right-radius:24px;border-bottom-left-radius:24px;border-bottom-right-radius:24px;width:425px;height:auto\" srcset=\"https:\/\/bodegalarural.com.ar\/wp-content\/uploads\/2026\/02\/museo-la-rural.jpg 600w, https:\/\/bodegalarural.com.ar\/wp-content\/uploads\/2026\/02\/museo-la-rural-225x300.jpg 225w\" sizes=\"auto, (max-width: 600px) 100vw, 600px\" \/><\/figure>\n\n\n\n<p>A visita \u00e0 Bodega Hist\u00f3rica convida a um percurso autoguiado pela sua galeria patrimonial, um espa\u00e7o \u00fanico que re\u00fane pe\u00e7as fundamentais da ind\u00fastria vitivin\u00edcola desde o s\u00e9culo XVI em diante.<\/p>\n\n\n\n<div class=\"wp-block-buttons is-layout-flex wp-block-buttons-is-layout-flex\">\n<div class=\"wp-block-button\"><a class=\"wp-block-button__link wp-element-button\" href=\"https:\/\/bodegalarural.com.ar\/pt-br\/turismo\/\">Visite-nos<\/a><\/div>\n<\/div>\n<\/div>\n<\/div>\n","protected":false},"excerpt":{"rendered":"<p>140 anos transformandoa hist\u00f3ria do vinho Desde 1885, a Bodega La Rural \u00e9 testemunha e protagonista do nascimento da vitivinicultura [&hellip;]<\/p>\n","protected":false},"author":1,"featured_media":0,"parent":0,"menu_order":0,"comment_status":"closed","ping_status":"closed","template":"","meta":{"_uag_custom_page_level_css":"","site-sidebar-layout":"default","site-content-layout":"","ast-site-content-layout":"full-width-container","site-content-style":"default","site-sidebar-style":"default","ast-global-header-display":"","ast-banner-title-visibility":"","ast-main-header-display":"","ast-hfb-above-header-display":"","ast-hfb-below-header-display":"","ast-hfb-mobile-header-display":"","site-post-title":"disabled","ast-breadcrumbs-content":"","ast-featured-img":"","footer-sml-layout":"","ast-disable-related-posts":"","theme-transparent-header-meta":"","adv-header-id-meta":"","stick-header-meta":"","header-above-stick-meta":"","header-main-stick-meta":"","header-below-stick-meta":"","astra-migrate-meta-layouts":"default","ast-page-background-enabled":"default","ast-page-background-meta":{"desktop":{"background-color":"var(--ast-global-color-5)","background-image":"","background-repeat":"repeat","background-position":"center center","background-size":"auto","background-attachment":"scroll","background-type":"","background-media":"","overlay-type":"","overlay-color":"","overlay-opacity":"","overlay-gradient":""},"tablet":{"background-color":"","background-image":"","background-repeat":"repeat","background-position":"center center","background-size":"auto","background-attachment":"scroll","background-type":"","background-media":"","overlay-type":"","overlay-color":"","overlay-opacity":"","overlay-gradient":""},"mobile":{"background-color":"","background-image":"","background-repeat":"repeat","background-position":"center center","background-size":"auto","background-attachment":"scroll","background-type":"","background-media":"","overlay-type":"","overlay-color":"","overlay-opacity":"","overlay-gradient":""}},"ast-content-background-meta":{"desktop":{"background-color":"var(--ast-global-color-4)","background-image":"","background-repeat":"repeat","background-position":"center center","background-size":"auto","background-attachment":"scroll","background-type":"","background-media":"","overlay-type":"","overlay-color":"","overlay-opacity":"","overlay-gradient":""},"tablet":{"background-color":"var(--ast-global-color-4)","background-image":"","background-repeat":"repeat","background-position":"center center","background-size":"auto","background-attachment":"scroll","background-type":"","background-media":"","overlay-type":"","overlay-color":"","overlay-opacity":"","overlay-gradient":""},"mobile":{"background-color":"var(--ast-global-color-4)","background-image":"","background-repeat":"repeat","background-position":"center center","background-size":"auto","background-attachment":"scroll","background-type":"","background-media":"","overlay-type":"","overlay-color":"","overlay-opacity":"","overlay-gradient":""}},"footnotes":""},"class_list":["post-680","page","type-page","status-publish","hentry"],"uagb_featured_image_src":{"full":false,"thumbnail":false,"medium":false,"medium_large":false,"large":false,"1536x1536":false,"2048x2048":false},"uagb_author_info":{"display_name":"adminb","author_link":"https:\/\/bodegalarural.com.ar\/pt-br\/author\/adminb\/"},"uagb_comment_info":0,"uagb_excerpt":"140 anos transformandoa hist\u00f3ria do vinho Desde 1885, a Bodega La Rural \u00e9 testemunha e protagonista do nascimento da vitivinicultura [&hellip;]","_links":{"self":[{"href":"https:\/\/bodegalarural.com.ar\/pt-br\/wp-json\/wp\/v2\/pages\/680","targetHints":{"allow":["GET"]}}],"collection":[{"href":"https:\/\/bodegalarural.com.ar\/pt-br\/wp-json\/wp\/v2\/pages"}],"about":[{"href":"https:\/\/bodegalarural.com.ar\/pt-br\/wp-json\/wp\/v2\/types\/page"}],"author":[{"embeddable":true,"href":"https:\/\/bodegalarural.com.ar\/pt-br\/wp-json\/wp\/v2\/users\/1"}],"replies":[{"embeddable":true,"href":"https:\/\/bodegalarural.com.ar\/pt-br\/wp-json\/wp\/v2\/comments?post=680"}],"version-history":[{"count":4,"href":"https:\/\/bodegalarural.com.ar\/pt-br\/wp-json\/wp\/v2\/pages\/680\/revisions"}],"predecessor-version":[{"id":733,"href":"https:\/\/bodegalarural.com.ar\/pt-br\/wp-json\/wp\/v2\/pages\/680\/revisions\/733"}],"wp:attachment":[{"href":"https:\/\/bodegalarural.com.ar\/pt-br\/wp-json\/wp\/v2\/media?parent=680"}],"curies":[{"name":"wp","href":"https:\/\/api.w.org\/{rel}","templated":true}]}}