{"id":686,"date":"2026-01-28T10:35:21","date_gmt":"2026-01-28T13:35:21","guid":{"rendered":"https:\/\/bodegalarural.com.ar\/historia\/"},"modified":"2026-02-27T14:38:55","modified_gmt":"2026-02-27T17:38:55","slug":"historia","status":"publish","type":"page","link":"https:\/\/bodegalarural.com.ar\/pt-br\/historia\/","title":{"rendered":"Hist\u00f3ria"},"content":{"rendered":"\n<div class=\"wp-block-columns is-layout-flex wp-container-core-columns-is-layout-664b7114 wp-block-columns-is-layout-flex\" id=\"box-vinedos\" style=\"margin-top:var(--wp--preset--spacing--70);margin-bottom:var(--wp--preset--spacing--20);padding-top:0\">\n<div class=\"wp-block-column is-layout-flow wp-block-column-is-layout-flow\">\n<h3 class=\"wp-block-heading has-text-align-center\">Hist\u00f3ria<\/h3>\n<\/div>\n<\/div>\n\n<div class=\"wp-block-columns max-w display-d box-white is-layout-flex wp-container-core-columns-is-layout-28f84493 wp-block-columns-is-layout-flex\" id=\"historia-del-vino\">\n<div class=\"wp-block-column is-layout-flow wp-block-column-is-layout-flow\" style=\"flex-basis:54%\">\n<h2 class=\"wp-block-heading\"><strong>140 anos<\/strong> transformando<br\/>a hist\u00f3ria do vinho<\/h2>\n\n\n\n<p>A Bodega La Rural foi fundada em 1885 por Felipe Rutini, imigrante italiano natural de Ascoli Piceno, na regi\u00e3o de<br\/>Le Marche. Chegou \u00e0 Argentina para atuar como fattore (engenheiro agr\u00f4nomo), trazendo consigo os conhecimentos vitivin\u00edcolas adquiridos em sua terra natal, onde seu pai, Francisco Rutini, elaborava vinho caseiro, uma pr\u00e1tica habitual da \u00e9poca.<\/p>\n\n\n\n<p>Felipe Rutini construiu a vin\u00edcola em Coquimbito, Maip\u00fa, a primeira zona vitivin\u00edcola de Mendoza, e se consolidou com o tempo como um dos referentes da ind\u00fastria. Ap\u00f3s seu falecimento em 1919, seu legado foi continuado por sua esposa e filhos, que sustentaram e desenvolveram o esp\u00edrito pioneiro da Bodega La Rural, transformando-a em um s\u00edmbolo de trabalho, tradi\u00e7\u00e3o e desenvolvimento vitivin\u00edcola.<\/p>\n<\/div>\n\n\n\n<div class=\"wp-block-column is-layout-flow wp-block-column-is-layout-flow\">\n<figure class=\"wp-block-image aligncenter size-full\"><img loading=\"lazy\" decoding=\"async\" width=\"810\" height=\"923\" src=\"https:\/\/bodegalarural.com.ar\/wp-content\/uploads\/2026\/01\/Historia-Imagen.png\" alt=\"\" class=\"wp-image-202\" srcset=\"https:\/\/bodegalarural.com.ar\/wp-content\/uploads\/2026\/01\/Historia-Imagen.png 810w, https:\/\/bodegalarural.com.ar\/wp-content\/uploads\/2026\/01\/Historia-Imagen-263x300.png 263w, https:\/\/bodegalarural.com.ar\/wp-content\/uploads\/2026\/01\/Historia-Imagen-768x875.png 768w\" sizes=\"auto, (max-width: 810px) 100vw, 810px\" \/><\/figure>\n<\/div>\n<\/div>\n\n<div class=\"wp-block-columns max-w display-mobile is-layout-flex wp-container-core-columns-is-layout-28f84493 wp-block-columns-is-layout-flex\" id=\"historia-del-vino\">\n<div class=\"wp-block-column is-layout-flow wp-block-column-is-layout-flow\">\n<h2 class=\"wp-block-heading\"><strong>140 anos<\/strong> transformando<br\/>a hist\u00f3ria do vinho<\/h2>\n<\/div>\n<\/div>\n\n<div class=\"wp-block-columns max-w display-mobile box-white is-layout-flex wp-container-core-columns-is-layout-28f84493 wp-block-columns-is-layout-flex\" id=\"historia-del-vino\">\n<div class=\"wp-block-column is-layout-flow wp-block-column-is-layout-flow\">\n<figure class=\"wp-block-image aligncenter size-full\"><img loading=\"lazy\" decoding=\"async\" width=\"848\" height=\"462\" src=\"https:\/\/bodegalarural.com.ar\/wp-content\/uploads\/2026\/01\/la-rural-historia-mobile.png\" alt=\"\" class=\"wp-image-214\" srcset=\"https:\/\/bodegalarural.com.ar\/wp-content\/uploads\/2026\/01\/la-rural-historia-mobile.png 848w, https:\/\/bodegalarural.com.ar\/wp-content\/uploads\/2026\/01\/la-rural-historia-mobile-300x163.png 300w, https:\/\/bodegalarural.com.ar\/wp-content\/uploads\/2026\/01\/la-rural-historia-mobile-768x418.png 768w\" sizes=\"auto, (max-width: 848px) 100vw, 848px\" \/><\/figure>\n\n\n\n<p class=\"before-text\">A Bodega La Rural foi fundada em 1885 por Felipe Rutini, imigrante italiano natural de Ascoli Piceno, na regi\u00e3o de Le Marche. Chegou \u00e0 Argentina para atuar como fattore (engenheiro agr\u00f4nomo), trazendo consigo os conhecimentos vitivin\u00edcolas adquiridos em sua terra natal, onde seu pai, Francisco Rutini, elaborava vinho caseiro, uma pr\u00e1tica habitual da \u00e9poca.<\/p>\n\n\n\n<p>Felipe Rutini construiu a vin\u00edcola em Coquimbito, Maip\u00fa, a primeira zona vitivin\u00edcola de Mendoza, e se consolidou com o tempo como um dos referentes da ind\u00fastria. Ap\u00f3s seu falecimento em 1919, seu legado foi continuado por sua esposa e filhos, que sustentaram e desenvolveram o esp\u00edrito pioneiro da Bodega La Rural, transformando-a em um s\u00edmbolo de trabalho, tradi\u00e7\u00e3o e desenvolvimento vitivin\u00edcola.<\/p>\n<\/div>\n<\/div>\n\n<div class=\"wp-block-cover alignfull\" id=\"box-sepia\"><img loading=\"lazy\" decoding=\"async\" width=\"1242\" height=\"500\" class=\"wp-block-cover__image-background wp-image-220 size-full\" alt=\"\" src=\"https:\/\/bodegalarural.com.ar\/wp-content\/uploads\/2026\/01\/la-rural-sepia.jpg\" data-object-fit=\"cover\" srcset=\"https:\/\/bodegalarural.com.ar\/wp-content\/uploads\/2026\/01\/la-rural-sepia.jpg 1242w, https:\/\/bodegalarural.com.ar\/wp-content\/uploads\/2026\/01\/la-rural-sepia-300x121.jpg 300w, https:\/\/bodegalarural.com.ar\/wp-content\/uploads\/2026\/01\/la-rural-sepia-1024x412.jpg 1024w, https:\/\/bodegalarural.com.ar\/wp-content\/uploads\/2026\/01\/la-rural-sepia-768x309.jpg 768w\" sizes=\"auto, (max-width: 1242px) 100vw, 1242px\" \/><span aria-hidden=\"true\" class=\"wp-block-cover__background has-background-dim-0 has-background-dim\" style=\"background-color:#4d4034\"><\/span><div class=\"wp-block-cover__inner-container is-layout-constrained wp-block-cover-is-layout-constrained\">\n<p class=\"has-text-align-center has-large-font-size\"><\/p>\n<\/div><\/div>\n\n<div class=\"wp-block-columns max-w display-d box-white box-white2 is-layout-flex wp-container-core-columns-is-layout-28f84493 wp-block-columns-is-layout-flex\" id=\"historia-del-vino\">\n<div class=\"wp-block-column is-vertically-aligned-center is-layout-flow wp-block-column-is-layout-flow\" style=\"flex-basis:54%\">\n<p class=\"before-text2\">Em 1924, a fam\u00edlia Rutini tomou uma decis\u00e3o vision\u00e1ria ao plantar vinhedos no Valle de Uco, uma regi\u00e3o que com o tempo se consolidaria como uma das zonas vitivin\u00edcolas mais prestigiosas do mundo. Esta iniciativa representou um marco fundamental para posicionar Mendoza e a Argentina no cen\u00e1rio vitivin\u00edcola internacional.<br\/><br\/>Durante a d\u00e9cada de 1990, a hist\u00f3rica Bodega La Rural atravessou um profundo processo de renova\u00e7\u00e3o que integrou o valioso legado do s\u00e9culo XIX com tecnologia de vanguarda, garantindo as mais altas pr\u00e1ticas de qualidade na elabora\u00e7\u00e3o de seus vinhos.<\/p>\n<\/div>\n\n\n\n<div class=\"wp-block-column is-layout-flow wp-block-column-is-layout-flow\">\n<figure class=\"wp-block-image aligncenter size-full\"><img loading=\"lazy\" decoding=\"async\" width=\"540\" height=\"500\" src=\"https:\/\/bodegalarural.com.ar\/wp-content\/uploads\/2026\/01\/Historia-la-rural.png\" alt=\"\" class=\"wp-image-225\" srcset=\"https:\/\/bodegalarural.com.ar\/wp-content\/uploads\/2026\/01\/Historia-la-rural.png 540w, https:\/\/bodegalarural.com.ar\/wp-content\/uploads\/2026\/01\/Historia-la-rural-300x278.png 300w\" sizes=\"auto, (max-width: 540px) 100vw, 540px\" \/><\/figure>\n<\/div>\n<\/div>\n\n<div class=\"wp-block-columns max-w display-mobile box-white box-white3 is-layout-flex wp-container-core-columns-is-layout-28f84493 wp-block-columns-is-layout-flex\" id=\"historia-del-vino\">\n<div class=\"wp-block-column is-layout-flow wp-block-column-is-layout-flow\">\n<figure class=\"wp-block-image aligncenter size-full\"><img loading=\"lazy\" decoding=\"async\" width=\"565\" height=\"308\" src=\"https:\/\/bodegalarural.com.ar\/wp-content\/uploads\/2026\/01\/Foto-Antigua_Bodega.png\" alt=\"\" class=\"wp-image-232\" srcset=\"https:\/\/bodegalarural.com.ar\/wp-content\/uploads\/2026\/01\/Foto-Antigua_Bodega.png 565w, https:\/\/bodegalarural.com.ar\/wp-content\/uploads\/2026\/01\/Foto-Antigua_Bodega-300x164.png 300w\" sizes=\"auto, (max-width: 565px) 100vw, 565px\" \/><\/figure>\n\n\n\n<p class=\"before-text\">Em 1924, a fam\u00edlia Rutini tomou uma decis\u00e3o vision\u00e1ria ao plantar vinhedos no Valle de Uco, uma regi\u00e3o que com o tempo se consolidaria como uma das zonas vitivin\u00edcolas mais prestigiosas do mundo. Esta iniciativa representou um marco fundamental para posicionar Mendoza e a Argentina no cen\u00e1rio vitivin\u00edcola internacional.<br\/><br\/>Durante a d\u00e9cada de 1990, a hist\u00f3rica Bodega La Rural atravessou um profundo processo de renova\u00e7\u00e3o que integrou o valioso legado do s\u00e9culo XIX com tecnologia de vanguarda, garantindo as mais altas pr\u00e1ticas de qualidade na elabora\u00e7\u00e3o de seus vinhos.<\/p>\n<\/div>\n<\/div>\n","protected":false},"excerpt":{"rendered":"<p>Hist\u00f3ria 140 anos transformandoa hist\u00f3ria do vinho A Bodega La Rural foi fundada em 1885 por Felipe Rutini, imigrante italiano [&hellip;]<\/p>\n","protected":false},"author":1,"featured_media":0,"parent":0,"menu_order":0,"comment_status":"closed","ping_status":"closed","template":"","meta":{"_uag_custom_page_level_css":"","site-sidebar-layout":"default","site-content-layout":"","ast-site-content-layout":"default","site-content-style":"default","site-sidebar-style":"default","ast-global-header-display":"","ast-banner-title-visibility":"","ast-main-header-display":"","ast-hfb-above-header-display":"","ast-hfb-below-header-display":"","ast-hfb-mobile-header-display":"","site-post-title":"disabled","ast-breadcrumbs-content":"","ast-featured-img":"","footer-sml-layout":"","ast-disable-related-posts":"","theme-transparent-header-meta":"","adv-header-id-meta":"","stick-header-meta":"","header-above-stick-meta":"","header-main-stick-meta":"","header-below-stick-meta":"","astra-migrate-meta-layouts":"default","ast-page-background-enabled":"default","ast-page-background-meta":{"desktop":{"background-color":"var(--ast-global-color-5)","background-image":"","background-repeat":"repeat","background-position":"center center","background-size":"auto","background-attachment":"scroll","background-type":"","background-media":"","overlay-type":"","overlay-color":"","overlay-opacity":"","overlay-gradient":""},"tablet":{"background-color":"","background-image":"","background-repeat":"repeat","background-position":"center center","background-size":"auto","background-attachment":"scroll","background-type":"","background-media":"","overlay-type":"","overlay-color":"","overlay-opacity":"","overlay-gradient":""},"mobile":{"background-color":"","background-image":"","background-repeat":"repeat","background-position":"center center","background-size":"auto","background-attachment":"scroll","background-type":"","background-media":"","overlay-type":"","overlay-color":"","overlay-opacity":"","overlay-gradient":""}},"ast-content-background-meta":{"desktop":{"background-color":"var(--ast-global-color-4)","background-image":"","background-repeat":"repeat","background-position":"center center","background-size":"auto","background-attachment":"scroll","background-type":"","background-media":"","overlay-type":"","overlay-color":"","overlay-opacity":"","overlay-gradient":""},"tablet":{"background-color":"var(--ast-global-color-4)","background-image":"","background-repeat":"repeat","background-position":"center center","background-size":"auto","background-attachment":"scroll","background-type":"","background-media":"","overlay-type":"","overlay-color":"","overlay-opacity":"","overlay-gradient":""},"mobile":{"background-color":"var(--ast-global-color-4)","background-image":"","background-repeat":"repeat","background-position":"center center","background-size":"auto","background-attachment":"scroll","background-type":"","background-media":"","overlay-type":"","overlay-color":"","overlay-opacity":"","overlay-gradient":""}},"footnotes":""},"class_list":["post-686","page","type-page","status-publish","hentry"],"uagb_featured_image_src":{"full":false,"thumbnail":false,"medium":false,"medium_large":false,"large":false,"1536x1536":false,"2048x2048":false},"uagb_author_info":{"display_name":"adminb","author_link":"https:\/\/bodegalarural.com.ar\/pt-br\/author\/adminb\/"},"uagb_comment_info":0,"uagb_excerpt":"Hist\u00f3ria 140 anos transformandoa hist\u00f3ria do vinho A Bodega La Rural foi fundada em 1885 por Felipe Rutini, imigrante italiano [&hellip;]","_links":{"self":[{"href":"https:\/\/bodegalarural.com.ar\/pt-br\/wp-json\/wp\/v2\/pages\/686","targetHints":{"allow":["GET"]}}],"collection":[{"href":"https:\/\/bodegalarural.com.ar\/pt-br\/wp-json\/wp\/v2\/pages"}],"about":[{"href":"https:\/\/bodegalarural.com.ar\/pt-br\/wp-json\/wp\/v2\/types\/page"}],"author":[{"embeddable":true,"href":"https:\/\/bodegalarural.com.ar\/pt-br\/wp-json\/wp\/v2\/users\/1"}],"replies":[{"embeddable":true,"href":"https:\/\/bodegalarural.com.ar\/pt-br\/wp-json\/wp\/v2\/comments?post=686"}],"version-history":[{"count":1,"href":"https:\/\/bodegalarural.com.ar\/pt-br\/wp-json\/wp\/v2\/pages\/686\/revisions"}],"predecessor-version":[{"id":688,"href":"https:\/\/bodegalarural.com.ar\/pt-br\/wp-json\/wp\/v2\/pages\/686\/revisions\/688"}],"wp:attachment":[{"href":"https:\/\/bodegalarural.com.ar\/pt-br\/wp-json\/wp\/v2\/media?parent=686"}],"curies":[{"name":"wp","href":"https:\/\/api.w.org\/{rel}","templated":true}]}}