{"id":694,"date":"2026-01-31T17:03:25","date_gmt":"2026-01-31T20:03:25","guid":{"rendered":"https:\/\/bodegalarural.com.ar\/turismo\/"},"modified":"2026-03-11T17:39:20","modified_gmt":"2026-03-11T20:39:20","slug":"turismo","status":"publish","type":"page","link":"https:\/\/bodegalarural.com.ar\/pt-br\/turismo\/","title":{"rendered":"Turismo"},"content":{"rendered":"\n<div class=\"wp-block-columns is-layout-flex wp-container-core-columns-is-layout-664b7114 wp-block-columns-is-layout-flex\" id=\"box-vinedos\" style=\"margin-top:var(--wp--preset--spacing--70);margin-bottom:var(--wp--preset--spacing--20);padding-top:0\">\n<div class=\"wp-block-column is-layout-flow wp-block-column-is-layout-flow\">\n<h3 class=\"wp-block-heading has-text-align-center\">Turismo<\/h3>\n<\/div>\n<\/div>\n\n\n\n<div class=\"wp-block-columns are-vertically-aligned-center max-w display-d box-white box-white2 box-white4 is-layout-flex wp-container-core-columns-is-layout-28f84493 wp-block-columns-is-layout-flex\" id=\"historia-del-vino\">\n<div class=\"wp-block-column is-vertically-aligned-center is-layout-flow wp-block-column-is-layout-flow\" style=\"flex-basis:52%\">\n<p class=\"before-text2\">A Vin\u00edcola Hist\u00f3rica abre suas portas e prop\u00f5e um percurso pelas origens e pela evolu\u00e7\u00e3o da vitivinicultura mendocina.<br><br>A visita \u00e0 Vin\u00edcola Hist\u00f3rica convida a realizar um percurso autoguiado por sua galeria patrimonial, um espa\u00e7o \u00fanico que re\u00fane pe\u00e7as fundamentais da ind\u00fastria vitivin\u00edcola desde o s\u00e9culo XVI em diante. Por meio deste passeio, o visitante pode descobrir a evolu\u00e7\u00e3o dos processos produtivos, das ferramentas e dos saberes que deram forma \u00e0 hist\u00f3ria do vinho, em um ambiente que preserva a mem\u00f3ria e o legado da vitivinicultura.<br><br>A experi\u00eancia se completa com uma degusta\u00e7\u00e3o da nossa linha emblem\u00e1tica Bodega Hist\u00f3rica Malbec e a possibilidade de conhecer e degustar diferentes marcas que refletem a evolu\u00e7\u00e3o do nosso projeto vitivin\u00edcola.<\/p>\n<\/div>\n\n\n\n<div class=\"wp-block-column is-vertically-aligned-center is-layout-flow wp-block-column-is-layout-flow\">\n<figure class=\"wp-block-image aligncenter size-full has-custom-border\"><img loading=\"lazy\" decoding=\"async\" width=\"800\" height=\"533\" src=\"https:\/\/bodegalarural.com.ar\/wp-content\/uploads\/2026\/03\/bodega-la-rural-historica.jpg\" alt=\"\" class=\"wp-image-794\" style=\"border-top-left-radius:24px;border-top-right-radius:24px;border-bottom-left-radius:24px;border-bottom-right-radius:24px;aspect-ratio:0.7499874516890027;object-fit:cover\" srcset=\"https:\/\/bodegalarural.com.ar\/wp-content\/uploads\/2026\/03\/bodega-la-rural-historica.jpg 800w, https:\/\/bodegalarural.com.ar\/wp-content\/uploads\/2026\/03\/bodega-la-rural-historica-300x200.jpg 300w, https:\/\/bodegalarural.com.ar\/wp-content\/uploads\/2026\/03\/bodega-la-rural-historica-768x512.jpg 768w\" sizes=\"auto, (max-width: 800px) 100vw, 800px\" \/><\/figure>\n<\/div>\n<\/div>\n\n\n\n<div class=\"wp-block-columns max-w display-mobile box-white box-white3 is-layout-flex wp-container-core-columns-is-layout-28f84493 wp-block-columns-is-layout-flex\" id=\"historia-del-vino\">\n<div class=\"wp-block-column is-layout-flow wp-block-column-is-layout-flow\">\n<figure class=\"wp-block-image aligncenter size-full has-custom-border\"><img loading=\"lazy\" decoding=\"async\" width=\"800\" height=\"533\" src=\"https:\/\/bodegalarural.com.ar\/wp-content\/uploads\/2026\/03\/bodega-la-rural-historica.jpg\" alt=\"\" class=\"wp-image-794\" style=\"border-top-left-radius:24px;border-top-right-radius:24px;border-bottom-left-radius:24px;border-bottom-right-radius:24px\" srcset=\"https:\/\/bodegalarural.com.ar\/wp-content\/uploads\/2026\/03\/bodega-la-rural-historica.jpg 800w, https:\/\/bodegalarural.com.ar\/wp-content\/uploads\/2026\/03\/bodega-la-rural-historica-300x200.jpg 300w, https:\/\/bodegalarural.com.ar\/wp-content\/uploads\/2026\/03\/bodega-la-rural-historica-768x512.jpg 768w\" sizes=\"auto, (max-width: 800px) 100vw, 800px\" \/><\/figure>\n\n\n\n<p class=\"before-text\">A Vin\u00edcola Hist\u00f3rica abre suas portas e prop\u00f5e um percurso pelas origens e pela evolu\u00e7\u00e3o da vitivinicultura mendocina.<br><br>A visita \u00e0 Vin\u00edcola Hist\u00f3rica convida a realizar um percurso autoguiado por sua galeria patrimonial, um espa\u00e7o \u00fanico que re\u00fane pe\u00e7as fundamentais da ind\u00fastria vitivin\u00edcola desde o s\u00e9culo XVI em diante. Por meio deste passeio, o visitante pode descobrir a evolu\u00e7\u00e3o dos processos produtivos, das ferramentas e dos saberes que deram forma \u00e0 hist\u00f3ria do vinho, em um ambiente que preserva a mem\u00f3ria e o legado da vitivinicultura.<br><br>A experi\u00eancia se completa com uma degusta\u00e7\u00e3o da nossa linha emblem\u00e1tica Bodega Hist\u00f3rica Malbec e a possibilidade de conhecer e degustar diferentes marcas que refletem a evolu\u00e7\u00e3o do nosso projeto vitivin\u00edcola.<\/p>\n<\/div>\n<\/div>\n\n\n\n<div class=\"wp-block-columns alignfull max-w horarios-de-visita is-layout-flex wp-container-core-columns-is-layout-28f84493 wp-block-columns-is-layout-flex\" id=\"historia-del-vino\">\n<div class=\"wp-block-column is-vertically-aligned-center is-layout-constrained wp-block-column-is-layout-constrained\">\n<p class=\"has-text-align-center\" style=\"padding-top:0;padding-bottom:0\"><strong>Hor\u00e1rios de visita<\/strong>Segunda a sexta, das 9:00 \u00e0s 17:00 h<br>S\u00e1bados, das 9:00 \u00e0s 13:00 h<br><br><strong>Valor da experi\u00eancia<\/strong>Verifique valor<br><br><strong>Endere\u00e7o<\/strong>Montecaseros 2625, Coquimbito, Maip\u00fa<br><br><strong>Consultas<\/strong>\u2028<\/p>\n\n\n\n<div class=\"wp-block-uagb-container uagb-block-9520b3c2 alignfull uagb-is-root-container\"><div class=\"uagb-container-inner-blocks-wrap\">\n<div class=\"wp-block-columns is-not-stacked-on-mobile is-layout-flex wp-container-core-columns-is-layout-ec2e7a44 wp-block-columns-is-layout-flex\" style=\"padding-top:0;padding-bottom:0\">\n<div class=\"wp-block-column is-vertically-aligned-top is-layout-flow wp-block-column-is-layout-flow\" style=\"padding-top:0;padding-bottom:0\">      \n\t\t\t<div class=\"uagb-icon-wrapper uagb-block-60ef3b09      \"\n\t\t\tstyle=\"\" >\n\t\t\t\t\t\t\t\t\t<span class=\"uagb-svg-wrapper\" \n\t\t\t\t\t aria-label=\"whatsapp\"\t\t\t\t\ttabindex=\"0\">\t\t\n\t\t\t\t\t\t\t\t\t\t<a rel=\"noopener noreferrer\" href=\"https:\/\/wa.me\/5492617622785\" target=\"_blank\"><svg xmlns=\"https:\/\/www.w3.org\/2000\/svg\" viewBox= \"0 0 448 512\" role=\"graphics-symbol\" aria-hidden=\"false\" aria-label=\"\"><path d=\"M380.9 97.1C339 55.1 283.2 32 223.9 32c-122.4 0-222 99.6-222 222 0 39.1 10.2 77.3 29.6 111L0 480l117.7-30.9c32.4 17.7 68.9 27 106.1 27h.1c122.3 0 224.1-99.6 224.1-222 0-59.3-25.2-115-67.1-157zm-157 341.6c-33.2 0-65.7-8.9-94-25.7l-6.7-4-69.8 18.3L72 359.2l-4.4-7c-18.5-29.4-28.2-63.3-28.2-98.2 0-101.7 82.8-184.5 184.6-184.5 49.3 0 95.6 19.2 130.4 54.1 34.8 34.9 56.2 81.2 56.1 130.5 0 101.8-84.9 184.6-186.6 184.6zm101.2-138.2c-5.5-2.8-32.8-16.2-37.9-18-5.1-1.9-8.8-2.8-12.5 2.8-3.7 5.6-14.3 18-17.6 21.8-3.2 3.7-6.5 4.2-12 1.4-32.6-16.3-54-29.1-75.5-66-5.7-9.8 5.7-9.1 16.3-30.3 1.8-3.7 .9-6.9-.5-9.7-1.4-2.8-12.5-30.1-17.1-41.2-4.5-10.8-9.1-9.3-12.5-9.5-3.2-.2-6.9-.2-10.6-.2-3.7 0-9.7 1.4-14.8 6.9-5.1 5.6-19.4 19-19.4 46.3 0 27.3 19.9 53.7 22.6 57.4 2.8 3.7 39.1 59.7 94.8 83.8 35.2 15.2 49 16.5 66.6 13.9 10.7-1.6 32.8-13.4 37.4-26.4 4.6-13 4.6-24.1 3.2-26.4-1.3-2.5-5-3.9-10.5-6.6z\"><\/path><\/svg><\/a>\n\t\t\t\t\t\t\t\t\t<\/span>\n\t\t\t\t\t\t\t<\/div>\n\t\t\t<\/div>\n\n\n\n<div class=\"wp-block-column is-vertically-aligned-top is-layout-flow wp-block-column-is-layout-flow\">      \n\t\t\t<div class=\"uagb-icon-wrapper uagb-block-3120ccf6      \"\n\t\t\tstyle=\"\" >\n\t\t\t\t\t\t\t\t\t<span class=\"uagb-svg-wrapper\" \n\t\t\t\t\t aria-label=\"envelope-open\"\t\t\t\t\ttabindex=\"0\">\t\t\n\t\t\t\t\t\t\t\t\t\t<a rel=\"noopener noreferrer\" href=\"mailto:bodegahistorica@rutiniwines.com\" target=\"_blank\"><svg xmlns=\"https:\/\/www.w3.org\/2000\/svg\" viewBox= \"0 0 512 512\" role=\"graphics-symbol\" aria-hidden=\"false\" aria-label=\"\"><path d=\"M493.6 163c-24.88-19.62-45.5-35.37-164.3-121.6C312.7 29.21 279.7 0 256.4 0H255.6C232.3 0 199.3 29.21 182.6 41.38c-118.8 86.25-139.4 101.1-164.3 121.6C6.75 172 0 186 0 200.8v263.2C0 490.5 21.49 512 48 512h416c26.51 0 48-21.49 48-47.1V200.8C512 186 505.3 172 493.6 163zM303.2 367.5C289.1 378.5 272.5 384 256 384s-33.06-5.484-47.16-16.47L64 254.9V208.5c21.16-16.59 46.48-35.66 156.4-115.5c3.18-2.328 6.891-5.187 10.98-8.353C236.9 80.44 247.8 71.97 256 66.84c8.207 5.131 19.14 13.6 24.61 17.84c4.09 3.166 7.801 6.027 11.15 8.478C400.9 172.5 426.6 191.7 448 208.5v46.32L303.2 367.5z\"><\/path><\/svg><\/a>\n\t\t\t\t\t\t\t\t\t<\/span>\n\t\t\t\t\t\t\t<\/div>\n\t\t\t<\/div>\n<\/div>\n<\/div><\/div>\n<\/div>\n<\/div>\n","protected":false},"excerpt":{"rendered":"<p>Turismo A Vin\u00edcola Hist\u00f3rica abre suas portas e prop\u00f5e um percurso pelas origens e pela evolu\u00e7\u00e3o da vitivinicultura mendocina. A [&hellip;]<\/p>\n","protected":false},"author":1,"featured_media":0,"parent":0,"menu_order":0,"comment_status":"closed","ping_status":"closed","template":"","meta":{"_uag_custom_page_level_css":"","site-sidebar-layout":"default","site-content-layout":"","ast-site-content-layout":"default","site-content-style":"default","site-sidebar-style":"default","ast-global-header-display":"","ast-banner-title-visibility":"","ast-main-header-display":"","ast-hfb-above-header-display":"","ast-hfb-below-header-display":"","ast-hfb-mobile-header-display":"","site-post-title":"disabled","ast-breadcrumbs-content":"","ast-featured-img":"","footer-sml-layout":"","ast-disable-related-posts":"","theme-transparent-header-meta":"","adv-header-id-meta":"","stick-header-meta":"","header-above-stick-meta":"","header-main-stick-meta":"","header-below-stick-meta":"","astra-migrate-meta-layouts":"default","ast-page-background-enabled":"default","ast-page-background-meta":{"desktop":{"background-color":"var(--ast-global-color-5)","background-image":"","background-repeat":"repeat","background-position":"center center","background-size":"auto","background-attachment":"scroll","background-type":"","background-media":"","overlay-type":"","overlay-color":"","overlay-opacity":"","overlay-gradient":""},"tablet":{"background-color":"","background-image":"","background-repeat":"repeat","background-position":"center center","background-size":"auto","background-attachment":"scroll","background-type":"","background-media":"","overlay-type":"","overlay-color":"","overlay-opacity":"","overlay-gradient":""},"mobile":{"background-color":"","background-image":"","background-repeat":"repeat","background-position":"center center","background-size":"auto","background-attachment":"scroll","background-type":"","background-media":"","overlay-type":"","overlay-color":"","overlay-opacity":"","overlay-gradient":""}},"ast-content-background-meta":{"desktop":{"background-color":"var(--ast-global-color-4)","background-image":"","background-repeat":"repeat","background-position":"center center","background-size":"auto","background-attachment":"scroll","background-type":"","background-media":"","overlay-type":"","overlay-color":"","overlay-opacity":"","overlay-gradient":""},"tablet":{"background-color":"var(--ast-global-color-4)","background-image":"","background-repeat":"repeat","background-position":"center center","background-size":"auto","background-attachment":"scroll","background-type":"","background-media":"","overlay-type":"","overlay-color":"","overlay-opacity":"","overlay-gradient":""},"mobile":{"background-color":"var(--ast-global-color-4)","background-image":"","background-repeat":"repeat","background-position":"center center","background-size":"auto","background-attachment":"scroll","background-type":"","background-media":"","overlay-type":"","overlay-color":"","overlay-opacity":"","overlay-gradient":""}},"footnotes":""},"class_list":["post-694","page","type-page","status-publish","hentry"],"uagb_featured_image_src":{"full":false,"thumbnail":false,"medium":false,"medium_large":false,"large":false,"1536x1536":false,"2048x2048":false},"uagb_author_info":{"display_name":"adminb","author_link":"https:\/\/bodegalarural.com.ar\/pt-br\/author\/adminb\/"},"uagb_comment_info":0,"uagb_excerpt":"Turismo A Vin\u00edcola Hist\u00f3rica abre suas portas e prop\u00f5e um percurso pelas origens e pela evolu\u00e7\u00e3o da vitivinicultura mendocina. A [&hellip;]","_links":{"self":[{"href":"https:\/\/bodegalarural.com.ar\/pt-br\/wp-json\/wp\/v2\/pages\/694","targetHints":{"allow":["GET"]}}],"collection":[{"href":"https:\/\/bodegalarural.com.ar\/pt-br\/wp-json\/wp\/v2\/pages"}],"about":[{"href":"https:\/\/bodegalarural.com.ar\/pt-br\/wp-json\/wp\/v2\/types\/page"}],"author":[{"embeddable":true,"href":"https:\/\/bodegalarural.com.ar\/pt-br\/wp-json\/wp\/v2\/users\/1"}],"replies":[{"embeddable":true,"href":"https:\/\/bodegalarural.com.ar\/pt-br\/wp-json\/wp\/v2\/comments?post=694"}],"version-history":[{"count":4,"href":"https:\/\/bodegalarural.com.ar\/pt-br\/wp-json\/wp\/v2\/pages\/694\/revisions"}],"predecessor-version":[{"id":795,"href":"https:\/\/bodegalarural.com.ar\/pt-br\/wp-json\/wp\/v2\/pages\/694\/revisions\/795"}],"wp:attachment":[{"href":"https:\/\/bodegalarural.com.ar\/pt-br\/wp-json\/wp\/v2\/media?parent=694"}],"curies":[{"name":"wp","href":"https:\/\/api.w.org\/{rel}","templated":true}]}}